{"id":20,"date":"2022-01-20T19:22:55","date_gmt":"2022-01-20T19:22:55","guid":{"rendered":"https:\/\/www.ipeko.cz\/?page_id=20"},"modified":"2022-01-20T19:22:55","modified_gmt":"2022-01-20T19:22:55","slug":"nabizene-sluzby","status":"publish","type":"page","link":"https:\/\/www.ipeko.cz\/?page_id=20","title":{"rendered":"Nab\u00edzen\u00e9 slu\u017eby"},"content":{"rendered":"\n<p>Nab\u00edz\u00edm kompletn\u00ed slu\u017eby v oblasti \u00fa\u010detnictv\u00ed a dan\u00ed<\/p>\n","protected":false},"excerpt":{"rendered":"<p>Nab\u00edz\u00edm kompletn\u00ed slu\u017eby v oblasti \u00fa\u010detnictv\u00ed a dan\u00ed<\/p>\n","protected":false},"author":1,"featured_media":0,"parent":0,"menu_order":0,"comment_status":"closed","ping_status":"closed","template":"","meta":{"site-sidebar-layout":"default","site-content-layout":"default","ast-main-header-display":"","ast-hfb-above-header-display":"","ast-hfb-below-header-display":"","ast-hfb-mobile-header-display":"","site-post-title":"","ast-breadcrumbs-content":"","ast-featured-img":"","footer-sml-layout":"","theme-transparent-header-meta":"","adv-header-id-meta":"","stick-header-meta":"","header-above-stick-meta":"","header-main-stick-meta":"","header-below-stick-meta":"","footnotes":""},"class_list":["post-20","page","type-page","status-publish","hentry"],"_links":{"self":[{"href":"https:\/\/www.ipeko.cz\/index.php?rest_route=\/wp\/v2\/pages\/20","targetHints":{"allow":["GET"]}}],"collection":[{"href":"https:\/\/www.ipeko.cz\/index.php?rest_route=\/wp\/v2\/pages"}],"about":[{"href":"https:\/\/www.ipeko.cz\/index.php?rest_route=\/wp\/v2\/types\/page"}],"author":[{"embeddable":true,"href":"https:\/\/www.ipeko.cz\/index.php?rest_route=\/wp\/v2\/users\/1"}],"replies":[{"embeddable":true,"href":"https:\/\/www.ipeko.cz\/index.php?rest_route=%2Fwp%2Fv2%2Fcomments&post=20"}],"version-history":[{"count":1,"href":"https:\/\/www.ipeko.cz\/index.php?rest_route=\/wp\/v2\/pages\/20\/revisions"}],"predecessor-version":[{"id":21,"href":"https:\/\/www.ipeko.cz\/index.php?rest_route=\/wp\/v2\/pages\/20\/revisions\/21"}],"wp:attachment":[{"href":"https:\/\/www.ipeko.cz\/index.php?rest_route=%2Fwp%2Fv2%2Fmedia&parent=20"}],"curies":[{"name":"wp","href":"https:\/\/api.w.org\/{rel}","templated":true}]}}